{"id":2194,"date":"2025-02-21T16:19:24","date_gmt":"2025-02-21T15:19:24","guid":{"rendered":"https:\/\/rosesaron.com\/?page_id=2194"},"modified":"2025-05-21T11:36:44","modified_gmt":"2025-05-21T09:36:44","slug":"impressum","status":"publish","type":"page","link":"https:\/\/rosesaron.com\/ro\/impressum\/","title":{"rendered":"Imprint"},"content":{"rendered":"<div data-elementor-type=\"wp-page\" data-elementor-id=\"2194\" class=\"elementor elementor-2194\" data-elementor-post-type=\"page\">\n\t\t\t\t<div class=\"elementor-element elementor-element-27696a4 e-con-full e-flex e-con e-parent\" data-id=\"27696a4\" data-element_type=\"container\">\n\t\t\t\t<div class=\"elementor-element elementor-element-e5c0b2e elementor-widget__width-inherit elementor-widget-mobile__width-initial elementor-widget elementor-widget-text-editor\" data-id=\"e5c0b2e\" data-element_type=\"widget\" data-widget_type=\"text-editor.default\">\n\t\t\t\t<div class=\"elementor-widget-container\">\n\t\t\t\t\t\t\t\t\t<h4>Imprint<\/h4><p>Hands of Mercy of Saron e.V.<br \/>Falkensteinstrasse 26 A<br \/>34270 Schauenburg DE<\/p><p>Registrul asocia\u021biilor: VR 5853<br \/>Tribunalul local Kassel<\/p><p><span style=\"font-style: inherit; font-weight: inherit;\">Cod fiscal  26 250 5972 7<\/span><br \/>Biroul fiscal din Kassel<\/p><h4>Reprezentat<\/h4><p>Hands of Mercy din Saron e. V.<br \/>este reprezentat\u0103 legal de Consiliul de administra\u021bie:<\/p><p>Cristian B\u0103ncil\u0103 (primul pre\u0219edinte)<br \/>Josua Betz (vicepre\u0219edinte)<br \/>Gabi B\u0103ncil\u0103 (trezorier)<\/p><p>Registrul asocia\u021biilor:<br \/>\u00cenregistrat\u0103 \u00een registrul asocia\u021biilor la adresa<br \/>Tribunalul local Kassel<br \/>Num\u0103rul de \u00eenregistrare: VR 5853<\/p><p>Num\u0103rul de identificare fiscal\u0103 al organiza\u021biei:<br \/>\u00cenregistrat\u0103 ca organiza\u021bie non-profit la<br \/>Biroul fiscal din Kassel<br \/>Num\u0103rul de identificare fiscal\u0103 <span style=\"font-style: inherit; font-weight: inherit;\"> 026 250 59727<\/span><\/p><h4>Contacta\u021bi-ne<\/h4><p>Telefon: +49\/1627954876<br \/>E-mail: info@rosesaron.com<\/p><h4>Responsabilitate editorial\u0103<\/h4><p>Responsabil pentru con\u021binut \u00een conformitate cu \u00a7 18 Abs. 2 MStV:<br \/>Cristian B\u0103ncil\u0103<br \/>Falkensteinstrasse 26A<br \/>34720 Schauenburg<br \/>Germania<\/p><p>Surs\u0103: <a href=\"https:\/\/www.e-recht24.de\">https:\/\/www.e-recht24.de<\/a><\/p>\t\t\t\t\t\t\t\t<\/div>\n\t\t\t\t<\/div>\n\t\t\t\t<\/div>\n\t\t\t\t<\/div>","protected":false},"excerpt":{"rendered":"<p>Impressum H\u00e4nde der Gnade von Saron e.V.Falkensteinstra\u00dfe 26 A34270 Schauenburg DE Vereinsregister: VR 5853Amtsgericht Kassel Steuer-IdNr.\u00a0 26 250 5972 7Finanzamt Kassel Vertreten H\u00e4nde der Gnade von Saron e.\u202fV.wird gesetzlich vertreten [&hellip;]<\/p>\n","protected":false},"author":261965548,"featured_media":0,"parent":0,"menu_order":0,"comment_status":"closed","ping_status":"closed","template":"","meta":{"give_campaign_id":0,"_surecart_dashboard_logo_width":"180px","_surecart_dashboard_show_logo":true,"_surecart_dashboard_navigation_orders":true,"_surecart_dashboard_navigation_invoices":true,"_surecart_dashboard_navigation_subscriptions":true,"_surecart_dashboard_navigation_downloads":true,"_surecart_dashboard_navigation_billing":true,"_surecart_dashboard_navigation_account":true,"site-sidebar-layout":"no-sidebar","site-content-layout":"page-builder","ast-site-content-layout":"full-width-container","site-content-style":"default","site-sidebar-style":"default","ast-global-header-display":"","ast-banner-title-visibility":"","ast-main-header-display":"","ast-hfb-above-header-display":"","ast-hfb-below-header-display":"","ast-hfb-mobile-header-display":"","site-post-title":"disabled","ast-breadcrumbs-content":"","ast-featured-img":"disabled","footer-sml-layout":"","theme-transparent-header-meta":"","adv-header-id-meta":"","stick-header-meta":"","header-above-stick-meta":"","header-main-stick-meta":"","header-below-stick-meta":"","astra-migrate-meta-layouts":"default","ast-page-background-enabled":"default","ast-page-background-meta":{"desktop":{"background-color":"","background-image":"","background-repeat":"repeat","background-position":"center center","background-size":"auto","background-attachment":"scroll","background-type":"","background-media":"","overlay-type":"","overlay-color":"","overlay-opacity":"","overlay-gradient":""},"tablet":{"background-color":"","background-image":"","background-repeat":"repeat","background-position":"center center","background-size":"auto","background-attachment":"scroll","background-type":"","background-media":"","overlay-type":"","overlay-color":"","overlay-opacity":"","overlay-gradient":""},"mobile":{"background-color":"","background-image":"","background-repeat":"repeat","background-position":"center center","background-size":"auto","background-attachment":"scroll","background-type":"","background-media":"","overlay-type":"","overlay-color":"","overlay-opacity":"","overlay-gradient":""}},"ast-content-background-meta":{"desktop":{"background-color":"var(--ast-global-color-5)","background-image":"","background-repeat":"repeat","background-position":"center center","background-size":"auto","background-attachment":"scroll","background-type":"","background-media":"","overlay-type":"","overlay-color":"","overlay-opacity":"","overlay-gradient":""},"tablet":{"background-color":"var(--ast-global-color-5)","background-image":"","background-repeat":"repeat","background-position":"center center","background-size":"auto","background-attachment":"scroll","background-type":"","background-media":"","overlay-type":"","overlay-color":"","overlay-opacity":"","overlay-gradient":""},"mobile":{"background-color":"var(--ast-global-color-5)","background-image":"","background-repeat":"repeat","background-position":"center center","background-size":"auto","background-attachment":"scroll","background-type":"","background-media":"","overlay-type":"","overlay-color":"","overlay-opacity":"","overlay-gradient":""}},"jetpack_post_was_ever_published":false,"footnotes":""},"class_list":["post-2194","page","type-page","status-publish","hentry"],"yoast_head":"<!-- This site is optimized with the Yoast SEO plugin v27.3 - https:\/\/yoast.com\/product\/yoast-seo-wordpress\/ -->\n<title>Impressum - H\u00e4nde der Gnade von Saron e.V.<\/title>\n<meta name=\"robots\" content=\"index, follow, max-snippet:-1, max-image-preview:large, max-video-preview:-1\" \/>\n<link rel=\"canonical\" href=\"https:\/\/rosesaron.com\/ro\/impressum\/?currency=eur?screenshot_proxy?screenshot_proxy?screenshot_proxy\/?screenshot_proxy?screenshot_proxy?screenshot_proxy\/?screenshot_proxy\" \/>\n<meta property=\"og:locale\" content=\"ro_RO\" \/>\n<meta property=\"og:type\" content=\"article\" \/>\n<meta property=\"og:title\" content=\"Impressum - H\u00e4nde der Gnade von Saron e.V.\" \/>\n<meta property=\"og:description\" content=\"Impressum H\u00e4nde der Gnade von Saron e.V.Falkensteinstra\u00dfe 26 A34270 Schauenburg DE Vereinsregister: VR 5853Amtsgericht Kassel Steuer-IdNr.\u00a0 26 250 5972 7Finanzamt Kassel Vertreten H\u00e4nde der Gnade von Saron e.\u202fV.wird gesetzlich vertreten [&hellip;]\" \/>\n<meta property=\"og:url\" content=\"https:\/\/rosesaron.com\/ro\/impressum\/?currency=eur?screenshot_proxy?screenshot_proxy?screenshot_proxy\/?screenshot_proxy?screenshot_proxy?screenshot_proxy\/?screenshot_proxy\" \/>\n<meta property=\"og:site_name\" content=\"H\u00e4nde der Gnade von Saron e.V.\" \/>\n<meta property=\"article:modified_time\" content=\"2025-05-21T09:36:44+00:00\" \/>\n<meta name=\"twitter:card\" content=\"summary_large_image\" \/>\n<meta name=\"twitter:label1\" content=\"Timp estimat pentru citire\" \/>\n\t<meta name=\"twitter:data1\" content=\"1 minut\" \/>\n<script type=\"application\/ld+json\" class=\"yoast-schema-graph\">{\"@context\":\"https:\\\/\\\/schema.org\",\"@graph\":[{\"@type\":\"WebPage\",\"@id\":\"https:\\\/\\\/rosesaron.com\\\/impressum\\\/?currency=eur?screenshot_proxy?screenshot_proxy?screenshot_proxy\\\/?screenshot_proxy?screenshot_proxy?screenshot_proxy\\\/?screenshot_proxy\",\"url\":\"https:\\\/\\\/rosesaron.com\\\/impressum\\\/?currency=eur?screenshot_proxy?screenshot_proxy?screenshot_proxy\\\/?screenshot_proxy?screenshot_proxy?screenshot_proxy\\\/?screenshot_proxy\",\"name\":\"Impressum - H\u00e4nde der Gnade von Saron e.V.\",\"isPartOf\":{\"@id\":\"https:\\\/\\\/rosesaron.com\\\/#website\"},\"datePublished\":\"2025-02-21T15:19:24+00:00\",\"dateModified\":\"2025-05-21T09:36:44+00:00\",\"breadcrumb\":{\"@id\":\"https:\\\/\\\/rosesaron.com\\\/impressum\\\/?currency=eur?screenshot_proxy?screenshot_proxy?screenshot_proxy\\\/?screenshot_proxy?screenshot_proxy?screenshot_proxy\\\/?screenshot_proxy#breadcrumb\"},\"inLanguage\":\"ro-RO\",\"potentialAction\":[{\"@type\":\"ReadAction\",\"target\":[\"https:\\\/\\\/rosesaron.com\\\/impressum\\\/?currency=eur?screenshot_proxy?screenshot_proxy?screenshot_proxy\\\/?screenshot_proxy?screenshot_proxy?screenshot_proxy\\\/?screenshot_proxy\"]}]},{\"@type\":\"BreadcrumbList\",\"@id\":\"https:\\\/\\\/rosesaron.com\\\/impressum\\\/?currency=eur?screenshot_proxy?screenshot_proxy?screenshot_proxy\\\/?screenshot_proxy?screenshot_proxy?screenshot_proxy\\\/?screenshot_proxy#breadcrumb\",\"itemListElement\":[{\"@type\":\"ListItem\",\"position\":1,\"name\":\"Startseite\",\"item\":\"https:\\\/\\\/rosesaron.com\\\/\"},{\"@type\":\"ListItem\",\"position\":2,\"name\":\"Impressum\"}]},{\"@type\":\"WebSite\",\"@id\":\"https:\\\/\\\/rosesaron.com\\\/#website\",\"url\":\"https:\\\/\\\/rosesaron.com\\\/\",\"name\":\"H\u00e4nde der Gnade von Saron e.V.\",\"description\":\"\",\"publisher\":{\"@id\":\"https:\\\/\\\/rosesaron.com\\\/#organization\"},\"potentialAction\":[{\"@type\":\"SearchAction\",\"target\":{\"@type\":\"EntryPoint\",\"urlTemplate\":\"https:\\\/\\\/rosesaron.com\\\/?s={search_term_string}\"},\"query-input\":{\"@type\":\"PropertyValueSpecification\",\"valueRequired\":true,\"valueName\":\"search_term_string\"}}],\"inLanguage\":\"ro-RO\"},{\"@type\":\"Organization\",\"@id\":\"https:\\\/\\\/rosesaron.com\\\/#organization\",\"name\":\"H\u00e4nde der Gnade von Saron e.V.\",\"url\":\"https:\\\/\\\/rosesaron.com\\\/\",\"logo\":{\"@type\":\"ImageObject\",\"inLanguage\":\"ro-RO\",\"@id\":\"https:\\\/\\\/rosesaron.com\\\/#\\\/schema\\\/logo\\\/image\\\/\",\"url\":\"https:\\\/\\\/i0.wp.com\\\/rosesaron.com\\\/wp-content\\\/uploads\\\/2025\\\/02\\\/cropped-Logo_Vrein-unsichtbar.webp?fit=500%2C167&ssl=1\",\"contentUrl\":\"https:\\\/\\\/i0.wp.com\\\/rosesaron.com\\\/wp-content\\\/uploads\\\/2025\\\/02\\\/cropped-Logo_Vrein-unsichtbar.webp?fit=500%2C167&ssl=1\",\"width\":500,\"height\":167,\"caption\":\"H\u00e4nde der Gnade von Saron e.V.\"},\"image\":{\"@id\":\"https:\\\/\\\/rosesaron.com\\\/#\\\/schema\\\/logo\\\/image\\\/\"},\"sameAs\":[\"https:\\\/\\\/x.com\\\/cristi_bancila\"]}]}<\/script>\n<!-- \/ Yoast SEO plugin. -->","yoast_head_json":{"title":"Impressum - H\u00e4nde der Gnade von Saron e.V.","robots":{"index":"index","follow":"follow","max-snippet":"max-snippet:-1","max-image-preview":"max-image-preview:large","max-video-preview":"max-video-preview:-1"},"canonical":"https:\/\/rosesaron.com\/ro\/impressum\/?currency=eur?screenshot_proxy?screenshot_proxy?screenshot_proxy\/?screenshot_proxy?screenshot_proxy?screenshot_proxy\/?screenshot_proxy","og_locale":"ro_RO","og_type":"article","og_title":"Impressum - H\u00e4nde der Gnade von Saron e.V.","og_description":"Impressum H\u00e4nde der Gnade von Saron e.V.Falkensteinstra\u00dfe 26 A34270 Schauenburg DE Vereinsregister: VR 5853Amtsgericht Kassel Steuer-IdNr.\u00a0 26 250 5972 7Finanzamt Kassel Vertreten H\u00e4nde der Gnade von Saron e.\u202fV.wird gesetzlich vertreten [&hellip;]","og_url":"https:\/\/rosesaron.com\/ro\/impressum\/?currency=eur?screenshot_proxy?screenshot_proxy?screenshot_proxy\/?screenshot_proxy?screenshot_proxy?screenshot_proxy\/?screenshot_proxy","og_site_name":"H\u00e4nde der Gnade von Saron e.V.","article_modified_time":"2025-05-21T09:36:44+00:00","twitter_card":"summary_large_image","twitter_misc":{"Timp estimat pentru citire":"1 minut"},"schema":{"@context":"https:\/\/schema.org","@graph":[{"@type":"WebPage","@id":"https:\/\/rosesaron.com\/impressum\/?currency=eur?screenshot_proxy?screenshot_proxy?screenshot_proxy\/?screenshot_proxy?screenshot_proxy?screenshot_proxy\/?screenshot_proxy","url":"https:\/\/rosesaron.com\/impressum\/?currency=eur?screenshot_proxy?screenshot_proxy?screenshot_proxy\/?screenshot_proxy?screenshot_proxy?screenshot_proxy\/?screenshot_proxy","name":"Impressum - H\u00e4nde der Gnade von Saron e.V.","isPartOf":{"@id":"https:\/\/rosesaron.com\/#website"},"datePublished":"2025-02-21T15:19:24+00:00","dateModified":"2025-05-21T09:36:44+00:00","breadcrumb":{"@id":"https:\/\/rosesaron.com\/impressum\/?currency=eur?screenshot_proxy?screenshot_proxy?screenshot_proxy\/?screenshot_proxy?screenshot_proxy?screenshot_proxy\/?screenshot_proxy#breadcrumb"},"inLanguage":"ro-RO","potentialAction":[{"@type":"ReadAction","target":["https:\/\/rosesaron.com\/impressum\/?currency=eur?screenshot_proxy?screenshot_proxy?screenshot_proxy\/?screenshot_proxy?screenshot_proxy?screenshot_proxy\/?screenshot_proxy"]}]},{"@type":"BreadcrumbList","@id":"https:\/\/rosesaron.com\/impressum\/?currency=eur?screenshot_proxy?screenshot_proxy?screenshot_proxy\/?screenshot_proxy?screenshot_proxy?screenshot_proxy\/?screenshot_proxy#breadcrumb","itemListElement":[{"@type":"ListItem","position":1,"name":"Startseite","item":"https:\/\/rosesaron.com\/"},{"@type":"ListItem","position":2,"name":"Impressum"}]},{"@type":"WebSite","@id":"https:\/\/rosesaron.com\/#website","url":"https:\/\/rosesaron.com\/","name":"Hands of Mercy of Saron e.V.","description":"","publisher":{"@id":"https:\/\/rosesaron.com\/#organization"},"potentialAction":[{"@type":"SearchAction","target":{"@type":"EntryPoint","urlTemplate":"https:\/\/rosesaron.com\/?s={search_term_string}"},"query-input":{"@type":"PropertyValueSpecification","valueRequired":true,"valueName":"search_term_string"}}],"inLanguage":"ro-RO"},{"@type":"Organization","@id":"https:\/\/rosesaron.com\/#organization","name":"Hands of Mercy of Saron e.V.","url":"https:\/\/rosesaron.com\/","logo":{"@type":"ImageObject","inLanguage":"ro-RO","@id":"https:\/\/rosesaron.com\/#\/schema\/logo\/image\/","url":"https:\/\/i0.wp.com\/rosesaron.com\/wp-content\/uploads\/2025\/02\/cropped-Logo_Vrein-unsichtbar.webp?fit=500%2C167&ssl=1","contentUrl":"https:\/\/i0.wp.com\/rosesaron.com\/wp-content\/uploads\/2025\/02\/cropped-Logo_Vrein-unsichtbar.webp?fit=500%2C167&ssl=1","width":500,"height":167,"caption":"H\u00e4nde der Gnade von Saron e.V."},"image":{"@id":"https:\/\/rosesaron.com\/#\/schema\/logo\/image\/"},"sameAs":["https:\/\/x.com\/cristi_bancila"]}]}},"campaignId":"","jetpack_likes_enabled":true,"jetpack_sharing_enabled":true,"jetpack_shortlink":"https:\/\/wp.me\/PglJLZ-zo","jetpack-related-posts":[{"id":2654,"url":"https:\/\/rosesaron.com\/ro\/kontakt\/","url_meta":{"origin":2194,"position":0},"title":"Contacta\u021bi-ne","author":"H\u00e4nde der Gnade von Saron e.V","date":"25. februarie 2025","format":false,"excerpt":"Contact Facebook-f Instagram X-twitter Linkedin Youtube Tiktok Voluntariat Cite\u0219te mai mult Doneaz\u0103 Cite\u0219te mai mult Devino membru sus\u021bin\u0103tor Cite\u0219te mai mult Consiliul de Administra\u021bie - Hands of the Grace of Saron Cristian B\u0103ncil\u0103 Pre\u0219edinte Cristian B\u0103ncil\u0103 Pre\u0219edinte Ajut oamenii nevoia\u0219i din Rom\u00e2nia, Africa \u0219i India cu echipa mea Gabi B\u0103ncil\u0103 Trezorier Gabi B\u0103ncil\u0103 Trezorier...","rel":"","context":"Articol similar","block_context":{"text":"Articol similar","link":""},"img":{"alt_text":"","src":"https:\/\/i0.wp.com\/rosesaron.com\/wp-content\/uploads\/2025\/06\/photo_2021-07-27_18-38-4790.jpg?resize=350%2C200&ssl=1","width":350,"height":200,"srcset":"https:\/\/i0.wp.com\/rosesaron.com\/wp-content\/uploads\/2025\/06\/photo_2021-07-27_18-38-4790.jpg?resize=350%2C200&ssl=1 1x, https:\/\/i0.wp.com\/rosesaron.com\/wp-content\/uploads\/2025\/06\/photo_2021-07-27_18-38-4790.jpg?resize=525%2C300&ssl=1 1.5x"},"classes":[]},{"id":6050,"url":"https:\/\/rosesaron.com\/ro\/vereinssatzung\/","url_meta":{"origin":2194,"position":1},"title":"Actul constitutiv al Asocia\u021biei","author":"H\u00e4nde der Gnade von Saron e.V","date":"3. aprilie 2025","format":false,"excerpt":"Vereinssatzung \u00a0 \u00a0 \u00a0 \u00a0 Die Satzung des Vereins \u201eH\u00e4nde der Gnade von Saron e.V.\u201c definiert die Ziele, die Werte und die Struktur unseres gemeinn\u00fctzigen Handelns. Sie ist die Grundlage unserer Arbeit und beschreibt, wie wir unsere Verantwortung \u00fcbernehmen - transparent, effektiv und gemeinschaftlich. \u00a7 1 Name und Sitz \u00a7\u2026","rel":"","context":"Articol similar","block_context":{"text":"Articol similar","link":""},"img":{"alt_text":"","src":"https:\/\/i0.wp.com\/rosesaron.com\/wp-content\/uploads\/2025\/02\/Banner_-_Haende_der_Gnade-unsichtbar.webp?resize=350%2C200&ssl=1","width":350,"height":200,"srcset":"https:\/\/i0.wp.com\/rosesaron.com\/wp-content\/uploads\/2025\/02\/Banner_-_Haende_der_Gnade-unsichtbar.webp?resize=350%2C200&ssl=1 1x, https:\/\/i0.wp.com\/rosesaron.com\/wp-content\/uploads\/2025\/02\/Banner_-_Haende_der_Gnade-unsichtbar.webp?resize=525%2C300&ssl=1 1.5x, https:\/\/i0.wp.com\/rosesaron.com\/wp-content\/uploads\/2025\/02\/Banner_-_Haende_der_Gnade-unsichtbar.webp?resize=700%2C400&ssl=1 2x"},"classes":[]},{"id":2668,"url":"https:\/\/rosesaron.com\/ro\/ueber-uns\/","url_meta":{"origin":2194,"position":2},"title":"Despre noi","author":"H\u00e4nde der Gnade von Saron e.V","date":"25. februarie 2025","format":false,"excerpt":"\u00dcber uns Facebook-f Instagram X-twitter Linkedin Youtube Tiktok Whatsapp Telegram Wir sind ein gemeinn\u00fctziger Verein mit Sitz in Deutschland, der sich mit Herz und Hingabe f\u00fcr Menschen in Not einsetzt. Unser Ziel ist es, Familien, Kindern und alten Menschen in Rum\u00e4nien, Afrika und Indien Hoffnung zu schenken - durch praktische\u2026","rel":"","context":"Articol similar","block_context":{"text":"Articol similar","link":""},"img":{"alt_text":"","src":"https:\/\/i0.wp.com\/rosesaron.com\/wp-content\/uploads\/2025\/02\/Banner_-_Haende_der_Gnade-unsichtbar.webp?resize=350%2C200&ssl=1","width":350,"height":200,"srcset":"https:\/\/i0.wp.com\/rosesaron.com\/wp-content\/uploads\/2025\/02\/Banner_-_Haende_der_Gnade-unsichtbar.webp?resize=350%2C200&ssl=1 1x, https:\/\/i0.wp.com\/rosesaron.com\/wp-content\/uploads\/2025\/02\/Banner_-_Haende_der_Gnade-unsichtbar.webp?resize=525%2C300&ssl=1 1.5x, https:\/\/i0.wp.com\/rosesaron.com\/wp-content\/uploads\/2025\/02\/Banner_-_Haende_der_Gnade-unsichtbar.webp?resize=700%2C400&ssl=1 2x"},"classes":[]},{"id":2686,"url":"https:\/\/rosesaron.com\/ro\/unsere-projekte-in-rumaenien\/","url_meta":{"origin":2194,"position":3},"title":"Proiectele noastre \u00een Rom\u00e2nia","author":"H\u00e4nde der Gnade von Saron e.V","date":"25. februarie 2025","format":false,"excerpt":"Unsere Projekte in Rum\u00e4nien Zusammen sind wir stark- Rum\u00e4nien braucht uns Hilfe f\u00fcr arme Kinder und Familien in Rum\u00e4nien \ud83d\udc94 Die Not ist gro\u00df \u2013 besonders f\u00fcr Familien mit vielen KindernIn verschiedenen l\u00e4ndlichen Regionen Rum\u00e4niens leben viele Familien unter extrem schwierigen Bedingungen. Besonders nach den starken \u00dcberschwemmungen in 2024 stehen\u2026","rel":"","context":"Articol similar","block_context":{"text":"Articol similar","link":""},"img":{"alt_text":"","src":"https:\/\/i0.wp.com\/img.youtube.com\/vi\/DltLzkBOgBs\/0.jpg?resize=350%2C200","width":350,"height":200},"classes":[]},{"id":2204,"url":"https:\/\/rosesaron.com\/ro\/faq\/","url_meta":{"origin":2194,"position":4},"title":"\u00centreb\u0103ri frecvente","author":"H\u00e4nde der Gnade von Saron e.V","date":"21. februarie 2025","format":false,"excerpt":"\u00centreb\u0103ri \u0219i r\u0103spunsuri Facebook-f Instagram X-twitter Youtube Tiktok \u00centreb\u0103ri frecvente (FAQ) 1. Care este misiunea asocia\u021biei \"Hands of Mercy of Saron e.V. ?\" Suntem o organiza\u021bie non-profit din Schauenburg, Germania, care ajut\u0103 oamenii nevoia\u0219i - \u00een special familiile, copiii \u0219i b\u0103tr\u00e2nii din Rom\u00e2nia, Africa \u0219i...","rel":"","context":"Articol similar","block_context":{"text":"Articol similar","link":""},"img":{"alt_text":"","src":"","width":0,"height":0},"classes":[]},{"id":7827,"url":"https:\/\/rosesaron.com\/ro\/freiwillige-arbeit-terminvereinbarung\/","url_meta":{"origin":2194,"position":5},"title":"Freiwillige Arbeit \u2013 Terminvereinbarung","author":"H\u00e4nde der Gnade von Saron e.V","date":"18. aprilie 2025","format":false,"excerpt":"Freiwillige Arbeit - Terminvereinbarung","rel":"","context":"Articol similar","block_context":{"text":"Articol similar","link":""},"img":{"alt_text":"","src":"","width":0,"height":0},"classes":[]}],"_links":{"self":[{"href":"https:\/\/rosesaron.com\/ro\/wp-json\/wp\/v2\/pages\/2194","targetHints":{"allow":["GET"]}}],"collection":[{"href":"https:\/\/rosesaron.com\/ro\/wp-json\/wp\/v2\/pages"}],"about":[{"href":"https:\/\/rosesaron.com\/ro\/wp-json\/wp\/v2\/types\/page"}],"author":[{"embeddable":true,"href":"https:\/\/rosesaron.com\/ro\/wp-json\/wp\/v2\/users\/261965548"}],"replies":[{"embeddable":true,"href":"https:\/\/rosesaron.com\/ro\/wp-json\/wp\/v2\/comments?post=2194"}],"version-history":[{"count":43,"href":"https:\/\/rosesaron.com\/ro\/wp-json\/wp\/v2\/pages\/2194\/revisions"}],"predecessor-version":[{"id":8379,"href":"https:\/\/rosesaron.com\/ro\/wp-json\/wp\/v2\/pages\/2194\/revisions\/8379"}],"wp:attachment":[{"href":"https:\/\/rosesaron.com\/ro\/wp-json\/wp\/v2\/media?parent=2194"}],"curies":[{"name":"wp","href":"https:\/\/api.w.org\/{rel}","templated":true}]}}